{"id":55,"date":"2020-02-21T14:24:38","date_gmt":"2020-02-21T14:24:38","guid":{"rendered":"https:\/\/wittmann-immo.de\/?page_id=55"},"modified":"2020-02-21T14:33:24","modified_gmt":"2020-02-21T14:33:24","slug":"mietverwaltung","status":"publish","type":"page","link":"https:\/\/wittmann-immo.de\/index.php\/mietverwaltung\/","title":{"rendered":"Mietverwaltung"},"content":{"rendered":"<p>Unser Hauptaugenmerk bei der Mietverwaltung \/ Sondereigentumsverwaltung liegt auf der Werterhaltung Ihrer Immobilie mit guter Vermietbarkeit.<\/p>\n<p>Hier \u00fcbernehmen wir unter anderem folgende Aufgaben:<\/p>\n<ul>\n<li>Vertragsabschluss mit Mietern<\/li>\n<li>K\u00fcndigung von Mietverh\u00e4ltnissen<\/li>\n<li>Wohnungs\u00fcbernahmen\/ -r\u00fcckgaben<\/li>\n<li>Einziehen und notfalls Beitreibung von Mieten und Nebenkostenvorauszahlungen<\/li>\n<li>Wahrnehmung und Erhaltung der dem Auftraggeber zustehenden Vermieterrechte<\/li>\n<li>Geltendmachung aller Anspr\u00fcche aus Mietverh\u00e4ltnissen; erforderlichenfalls mit Hilfe eines geeigneten Rechtsanwaltes<\/li>\n<li>Zahlung von \u00f6ffentlichen Abgaben, Handwerkerrechnungen, Lieferantenrechnungen, sonstige\u2026<\/li>\n<li>Vertretung des Auftraggebers bei Schadensf\u00e4llen und Schadensfestsetzungen gegen\u00fcber Versicherungsgesellschaften<\/li>\n<li>Buchhaltung<\/li>\n<li>Vergabe notwendiger Reparatur- und Instandhaltungsarbeiten, sowie die Abnahme der ausgef\u00fchrten Arbeiten und Pr\u00fcfung der Rechnungen<\/li>\n<li>Die Erstellung einer Mietsonderverwaltungsabrechnung<\/li>\n<li>Erstellung von Betriebskostenabrechnungen<\/li>\n<li>Durchsetzung von Mieterh\u00f6hungen<\/li>\n<li>Verkehrssicherungspflichten wahrnehmen<\/li>\n<li>Mahnverfahren in Auftrag geben<\/li>\n<li>weitere, nach Ihren W\u00fcnschen und Bed\u00fcrfnissen Wir bieten Komplett- und Einzell\u00f6sungen f\u00fcr private, gewerbliche, genossenschaftliche und kommunale Vermieter &#8211; eigens zugeschnitten auf Ihre Situation und Ihre Erwartungen.<\/li>\n<\/ul>\n<p>Setzen Sie sich mit uns in Verbindung und wir finden eine individuelle L\u00f6sung, die genau zu Ihnen passt.<\/p>\n","protected":false},"excerpt":{"rendered":"<p>Unser Hauptaugenmerk bei der Mietverwaltung \/ Sondereigentumsverwaltung liegt auf der Werterhaltung Ihrer Immobilie mit guter Vermietbarkeit. Hier \u00fcbernehmen wir unter anderem folgende Aufgaben: Vertragsabschluss mit Mietern K\u00fcndigung von Mietverh\u00e4ltnissen Wohnungs\u00fcbernahmen\/ -r\u00fcckgaben Einziehen und notfalls Beitreibung von Mieten und Nebenkostenvorauszahlungen Wahrnehmung und Erhaltung der dem Auftraggeber zustehenden Vermieterrechte Geltendmachung aller Anspr\u00fcche aus Mietverh\u00e4ltnissen; erforderlichenfalls mit Hilfe &hellip; <a href=\"https:\/\/wittmann-immo.de\/index.php\/mietverwaltung\/\" class=\"more-link\"><span class=\"screen-reader-text\">\u201eMietverwaltung\u201c<\/span> weiterlesen<\/a><\/p>\n","protected":false},"author":1,"featured_media":0,"parent":0,"menu_order":0,"comment_status":"closed","ping_status":"closed","template":"","meta":{"footnotes":""},"class_list":["post-55","page","type-page","status-publish","hentry"],"_links":{"self":[{"href":"https:\/\/wittmann-immo.de\/index.php\/wp-json\/wp\/v2\/pages\/55","targetHints":{"allow":["GET"]}}],"collection":[{"href":"https:\/\/wittmann-immo.de\/index.php\/wp-json\/wp\/v2\/pages"}],"about":[{"href":"https:\/\/wittmann-immo.de\/index.php\/wp-json\/wp\/v2\/types\/page"}],"author":[{"embeddable":true,"href":"https:\/\/wittmann-immo.de\/index.php\/wp-json\/wp\/v2\/users\/1"}],"replies":[{"embeddable":true,"href":"https:\/\/wittmann-immo.de\/index.php\/wp-json\/wp\/v2\/comments?post=55"}],"version-history":[{"count":2,"href":"https:\/\/wittmann-immo.de\/index.php\/wp-json\/wp\/v2\/pages\/55\/revisions"}],"predecessor-version":[{"id":67,"href":"https:\/\/wittmann-immo.de\/index.php\/wp-json\/wp\/v2\/pages\/55\/revisions\/67"}],"wp:attachment":[{"href":"https:\/\/wittmann-immo.de\/index.php\/wp-json\/wp\/v2\/media?parent=55"}],"curies":[{"name":"wp","href":"https:\/\/api.w.org\/{rel}","templated":true}]}}